{"id":7994,"date":"2026-04-09T21:01:49","date_gmt":"2026-04-09T21:01:49","guid":{"rendered":"https:\/\/almisadqia.com\/?post_type=product&#038;p=7994"},"modified":"2026-04-09T21:03:26","modified_gmt":"2026-04-09T21:03:26","slug":"%d9%85%d8%ac%d9%85%d9%91%d8%b9-%d9%85%d9%8a%d8%a7%d9%87-%d8%a3%d8%b1%d8%b6%d9%8a-%d8%ae%d8%a7%d8%b1%d8%ac%d9%8a","status":"publish","type":"product","link":"https:\/\/almisadqia.com\/ar\/product\/%d9%85%d8%ac%d9%85%d9%91%d8%b9-%d9%85%d9%8a%d8%a7%d9%87-%d8%a3%d8%b1%d8%b6%d9%8a-%d8%ae%d8%a7%d8%b1%d8%ac%d9%8a\/","title":{"rendered":"\u0645\u062c\u0645\u0651\u0639 \u0645\u064a\u0627\u0647 \u0623\u0631\u0636\u064a \u062e\u0627\u0631\u062c\u064a"},"content":{"rendered":"<p data-path-to-node=\"2\">\u0627\u0631\u062a\u0642\u0650 \u0628\u0643\u0641\u0627\u0621\u0629 \u0646\u0638\u0627\u0645 \u0627\u0644\u0635\u0631\u0641 \u0627\u0644\u0635\u062d\u064a \u0641\u064a \u0645\u0646\u0634\u0623\u062a\u0643 \u0645\u0639 \u0645\u062c\u0645\u0651\u0639 \u0627\u0644\u0645\u064a\u0627\u0647 \u0627\u0644\u0623\u0631\u0636\u064a \u0627\u0644\u0645\u062a\u0637\u0648\u0631\u060c \u062d\u064a\u062b \u064a\u062d\u0631\u0635 \u0645\u062a\u062c\u0631 \u0627\u0644\u0645\u0635\u062f\u0627\u0642\u064a\u0629 \u0639\u0644\u0649 \u062a\u0648\u0641\u064a\u0631 \u0623\u062c\u0648\u062f \u0627\u0644\u062d\u0644\u0648\u0644 \u0627\u0644\u062a\u064a \u062a\u0636\u0645\u0646 \u0627\u0646\u0633\u064a\u0627\u0628\u064a\u0629 \u0627\u0644\u062a\u0635\u0631\u064a\u0641 \u0648\u062d\u0645\u0627\u064a\u0629 \u0627\u0644\u0628\u0646\u0627\u0621. \u0635\u064f\u0645\u0645 \u0647\u0630\u0627 \u0627\u0644\u0645\u0646\u062a\u062c \u062e\u0635\u064a\u0635\u0627\u064b \u0644\u064a\u062a\u0648\u0627\u0641\u0642 \u0645\u0639 \u0627\u0644\u0645\u0639\u0627\u064a\u064a\u0631 \u0627\u0644\u0641\u0646\u064a\u0629 \u0641\u064a \u062f\u0648\u0644\u0629 \u0627\u0644\u0625\u0645\u0627\u0631\u0627\u062a\u060c \u062d\u064a\u062b \u064a\u062a\u0645\u064a\u0632 \u0628\u0642\u062f\u0631\u0629 \u0639\u0627\u0644\u064a\u0629 \u0639\u0644\u0649 \u0645\u0642\u0627\u0648\u0645\u0629 \u062f\u0631\u062c\u0627\u062a \u0627\u0644\u062d\u0631\u0627\u0631\u0629 \u0627\u0644\u0645\u0631\u062a\u0641\u0639\u0629 \u0648\u062a\u0623\u062b\u064a\u0631 \u0627\u0644\u0623\u0645\u0644\u0627\u062d \u0648\u0627\u0644\u0631\u0637\u0648\u0628\u0629\u060c \u0645\u0645\u0627 \u064a\u0636\u0645\u0646 \u0639\u0645\u0631\u0627\u064b \u0627\u0641\u062a\u0631\u0627\u0636\u064a\u0627\u064b \u0637\u0648\u064a\u0644\u0627\u064b \u0648\u0623\u062f\u0627\u0621\u064b \u0645\u0648\u062b\u0648\u0642\u0627\u064b \u0641\u064a \u0645\u062e\u062a\u0644\u0641 \u0627\u0644\u0638\u0631\u0648\u0641 \u0627\u0644\u0628\u064a\u0626\u064a\u0629. \u0641\u0627\u0637\u0644\u0628\u0647 \u0627\u0644\u0622\u0646 \u0645\u0646 \u0627\u0644\u0645\u0635\u062f\u0627\u0642\u064a\u0629 \u0644\u0636\u0645\u0627\u0646 \u0627\u0644\u062c\u0648\u062f\u0629.<\/p>\n<h2 data-path-to-node=\"3\"><b data-path-to-node=\"3\" data-index-in-node=\"0\">\u0627\u0644\u0645\u0648\u0627\u0635\u0641\u0627\u062a<\/b><\/h2>\n<ul data-path-to-node=\"4\">\n<li>\n<p data-path-to-node=\"4,0,0\">\u0627\u0644\u0645\u0627\u062f\u0629: UPVC \u0639\u0627\u0644\u064a \u0627\u0644\u062c\u0648\u062f\u0629.<\/p>\n<\/li>\n<li>\n<p data-path-to-node=\"4,1,0\">\u0627\u0644\u0645\u0642\u0627\u0633: 6 \u00d7 4 \u00d7 4 \u00d7 4 \u00d7 4 \u0628\u0648\u0635\u0629.<\/p>\n<\/li>\n<li>\n<p data-path-to-node=\"4,2,0\">\u0627\u0644\u0645\u0642\u0627\u0648\u0645\u0629: \u0627\u0644\u062d\u0631\u0627\u0631\u0629\u060c \u0627\u0644\u0623\u0645\u0644\u0627\u062d\u060c \u0627\u0644\u0631\u0637\u0648\u0628\u0629\u060c \u0627\u0644\u062a\u0622\u0643\u0644.<\/p>\n<\/li>\n<\/ul>\n<h2 data-path-to-node=\"5\"><b data-path-to-node=\"5\" data-index-in-node=\"0\">\u0644\u0645\u0627\u0630\u0627 \u062a\u062e\u062a\u0627\u0631 \u0645\u062c\u0645\u0651\u0639 \u0645\u064a\u0627\u0647 \u0623\u0631\u0636\u064a \u062e\u0627\u0631\u062c\u064a\u061f<\/b><\/h2>\n<ul data-path-to-node=\"6\">\n<li>\n<p data-path-to-node=\"6,0,0\">\u064a\u0639\u0645\u0644 \u0643\u0646\u0642\u0637\u0629 \u062a\u062c\u0645\u064a\u0639 \u0645\u0631\u0643\u0632\u064a\u0629 \u0641\u0639\u0627\u0644\u0629 \u0644\u0631\u0628\u0637 \u0639\u062f\u0629 \u062e\u0637\u0648\u0637 \u0635\u0631\u0641 \u0641\u0631\u0639\u064a\u0629 \u0628\u062e\u0637 \u0627\u0644\u0635\u0631\u0641 \u0627\u0644\u0631\u0626\u064a\u0633\u064a \u0628\u0633\u0644\u0627\u0633\u0629 \u062a\u0627\u0645\u0629.<\/p>\n<\/li>\n<li>\n<p data-path-to-node=\"6,1,0\">\u064a\u062d\u062a\u0648\u064a \u0639\u0644\u0649 \u0646\u0638\u0627\u0645 \u062d\u0627\u062c\u0632 \u0645\u0627\u0626\u064a \u062f\u0627\u062e\u0644\u064a \u064a\u0645\u0646\u0639 \u0627\u0631\u062a\u062f\u0627\u062f \u0627\u0644\u0631\u0648\u0627\u0626\u062d \u0627\u0644\u0643\u0631\u064a\u0647\u0629 \u0648\u064a\u062d\u062f \u0645\u0646 \u062f\u062e\u0648\u0644 \u0627\u0644\u062d\u0634\u0631\u0627\u062a \u0625\u0644\u0649 \u0627\u0644\u062a\u0645\u062f\u064a\u062f\u0627\u062a \u0627\u0644\u0635\u062d\u064a\u0629.<\/p>\n<\/li>\n<li>\n<p data-path-to-node=\"6,2,0\">\u0645\u0635\u0646\u0639 \u0645\u0646 \u0645\u0627\u062f\u0629 UPVC \u0634\u062f\u064a\u062f\u0629 \u0627\u0644\u062a\u062d\u0645\u0644 \u0627\u0644\u062a\u064a \u062a\u0642\u0627\u0648\u0645 \u0627\u0644\u0636\u063a\u0648\u0637 \u0627\u0644\u0623\u0631\u0636\u064a\u0629 \u0648\u0644\u0627 \u062a\u062a\u0641\u0627\u0639\u0644 \u0645\u0639 \u0627\u0644\u0645\u0648\u0627\u062f \u0627\u0644\u0643\u064a\u0645\u064a\u0627\u0626\u064a\u0629 \u0627\u0644\u0645\u0646\u0638\u0641\u0629.<\/p>\n<\/li>\n<\/ul>\n<h2 data-path-to-node=\"7\"><b data-path-to-node=\"7\" data-index-in-node=\"0\">\u0627\u0644\u0627\u0633\u062a\u062e\u062f\u0627\u0645\u0627\u062a<\/b><\/h2>\n<ul data-path-to-node=\"8\">\n<li>\n<p data-path-to-node=\"8,0,0\">\u062a\u062c\u0645\u064a\u0639 \u0645\u064a\u0627\u0647 \u0627\u0644\u0635\u0631\u0641 \u0641\u064a \u0627\u0644\u0641\u0646\u0627\u0621 \u0627\u0644\u062e\u0627\u0631\u062c\u064a \u0644\u0644\u0641\u0644\u0644 \u0627\u0644\u0633\u0643\u0646\u064a\u0629.<\/p>\n<\/li>\n<li>\n<p data-path-to-node=\"8,1,0\">\u0646\u0642\u0627\u0637 \u0627\u0644\u0631\u0628\u0637 \u0648\u0627\u0644\u062a\u0641\u062a\u064a\u0634 \u0641\u064a \u0627\u0644\u0645\u0634\u0627\u0631\u064a\u0639 \u0648\u0627\u0644\u0645\u0628\u0627\u0646\u064a \u0627\u0644\u062a\u062c\u0627\u0631\u064a\u0629 \u0627\u0644\u0643\u0628\u0631\u0649.<\/p>\n<\/li>\n<li>\n<p data-path-to-node=\"8,2,0\">\u0623\u0646\u0638\u0645\u0629 \u0627\u0644\u0635\u0631\u0641 \u0641\u064a \u0645\u0646\u0627\u0637\u0642 \u0627\u0644\u0645\u0637\u0627\u0628\u062e \u0648\u0627\u0644\u0645\u063a\u0627\u0633\u0644 \u0644\u0636\u0645\u0627\u0646 \u0633\u0647\u0648\u0644\u0629 \u0627\u0644\u0648\u0635\u0648\u0644 \u0648\u0627\u0644\u0635\u064a\u0627\u0646\u0629.<\/p>\n<\/li>\n<\/ul>\n<h2 data-path-to-node=\"9\"><b data-path-to-node=\"9\" data-index-in-node=\"0\">\u0643\u064a\u0641\u064a\u0629 \u0627\u0633\u062a\u062e\u062f\u0627\u0645\u0647\u061f<\/b><\/h2>\n<ul data-path-to-node=\"10\">\n<li>\n<p data-path-to-node=\"10,0,0\">\u064a\u062a\u0645 \u062a\u0631\u0643\u064a\u0628 \u0627\u0644\u0645\u062c\u0645\u0651\u0639 \u0641\u064a \u0645\u0633\u062a\u0648\u0649 \u0645\u0646\u062e\u0641\u0636 \u0623\u0633\u0641\u0644 \u0627\u0644\u0623\u0631\u0636 \u0644\u0636\u0645\u0627\u0646 \u062a\u062f\u0641\u0642 \u0627\u0644\u0645\u064a\u0627\u0647 \u0625\u0644\u064a\u0647 \u0628\u0627\u0644\u062c\u0627\u0630\u0628\u064a\u0629 \u0645\u0646 \u0627\u0644\u0645\u0635\u0627\u062f\u0631 \u0627\u0644\u0645\u062e\u062a\u0644\u0641\u0629.<\/p>\n<\/li>\n<li>\n<p data-path-to-node=\"10,1,0\">\u062a\u064f\u0648\u0635\u0644 \u0627\u0644\u0623\u0646\u0627\u0628\u064a\u0628 \u0627\u0644\u0642\u0627\u062f\u0645\u0629 \u0645\u0646 \u0627\u0644\u0645\u0628\u0646\u0649 \u0628\u0627\u0644\u0645\u062f\u0627\u062e\u0644 \u0627\u0644\u062c\u0627\u0646\u0628\u064a\u0629\u060c \u0628\u064a\u0646\u0645\u0627 \u064a\u0648\u0635\u0644 \u0627\u0644\u0645\u062e\u0631\u062c \u0627\u0644\u0631\u0626\u064a\u0633\u064a \u0628\u0634\u0628\u0643\u0629 \u0627\u0644\u0635\u0631\u0641 \u0627\u0644\u0639\u0645\u0648\u0645\u064a\u0629.<\/p>\n<\/li>\n<li>\n<p data-path-to-node=\"10,2,0\">\u064a\u062c\u0628 \u0627\u0644\u062a\u0623\u0643\u062f \u0645\u0646 \u0625\u063a\u0644\u0627\u0642 \u0627\u0644\u063a\u0637\u0627\u0621 \u0627\u0644\u0639\u0644\u0648\u064a \u0628\u0625\u062d\u0643\u0627\u0645 \u0645\u0639 \u062a\u0631\u0643\u0647 \u0642\u0627\u0628\u0644\u0627\u064b \u0644\u0644\u0641\u062a\u062d \u0644\u0625\u062c\u0631\u0627\u0621 \u0639\u0645\u0644\u064a\u0627\u062a \u0627\u0644\u062a\u0641\u062a\u064a\u0634 \u0627\u0644\u062f\u0648\u0631\u064a\u0629 \u0648\u0627\u0644\u062a\u0646\u0638\u064a\u0641.<\/p>\n<\/li>\n<\/ul>\n<p data-path-to-node=\"11\"><b data-path-to-node=\"11\" data-index-in-node=\"0\">\u0627\u0637\u0644\u0628 \u0645\u062c\u0645\u0651\u0639 \u0645\u064a\u0627\u0647 \u0623\u0631\u0636\u064a \u062e\u0627\u0631\u062c\u064a \u0627\u0644\u0622\u0646 \u0644\u0636\u0645\u0627\u0646 \u0646\u0638\u0627\u0645 \u0635\u0631\u0641 \u0635\u062d\u064a \u0645\u062a\u0643\u0627\u0645\u0644 \u0648\u0622\u0645\u0646.<\/b><\/p>\n","protected":false},"excerpt":{"rendered":"<p>\u064a\u0639\u062a\u0628\u0631 \u0645\u062c\u0645\u0651\u0639 \u0627\u0644\u0645\u064a\u0627\u0647 \u0627\u0644\u0623\u0631\u0636\u064a \u0627\u0644\u062d\u0644 \u0627\u0644\u0645\u062b\u0627\u0644\u064a \u0644\u062a\u0646\u0638\u064a\u0645 \u0648\u062a\u062c\u0645\u064a\u0639 \u0645\u064a\u0627\u0647 \u0627\u0644\u0635\u0631\u0641 \u0627\u0644\u0635\u062d\u064a \u0628\u0641\u0639\u0627\u0644\u064a\u0629 \u0645\u0639 \u062d\u0645\u0627\u064a\u0629 \u0627\u0644\u0645\u0628\u0646\u0649 \u0645\u0646 \u0627\u0644\u0631\u0648\u0627\u0626\u062d \u0627\u0644\u0643\u0631\u064a\u0647\u0629 \u0628\u0641\u0636\u0644 \u0645\u0648\u0627\u062f\u0647 \u0627\u0644\u0645\u0642\u0627\u0648\u0645\u0629 \u0644\u0628\u064a\u0626\u0629 \u0627\u0644\u0625\u0645\u0627\u0631\u0627\u062a \u0627\u0644\u0642\u0627\u0633\u064a\u0629\u060c \u0641\u0627\u0637\u0644\u0628\u0647 \u0627\u0644\u0622\u0646 \u0645\u0646 \u0627\u0644\u0645\u0635\u062f\u0627\u0642\u064a\u0629 \u0644\u0636\u0645\u0627\u0646 \u0627\u0644\u062c\u0648\u062f\u0629.<\/p>\n","protected":false},"featured_media":7993,"comment_status":"open","ping_status":"closed","template":"","meta":{"_monsterinsights_skip_tracking":false,"_monsterinsights_sitenote_active":false,"_monsterinsights_sitenote_note":"","_monsterinsights_sitenote_category":0},"product_brand":[],"product_cat":[154],"product_tag":[],"class_list":{"0":"post-7994","1":"product","2":"type-product","3":"status-publish","4":"has-post-thumbnail","6":"product_cat-154","8":"first","9":"instock","10":"shipping-taxable","11":"product-type-simple"},"_links":{"self":[{"href":"https:\/\/almisadqia.com\/ar\/wp-json\/wp\/v2\/product\/7994","targetHints":{"allow":["GET"]}}],"collection":[{"href":"https:\/\/almisadqia.com\/ar\/wp-json\/wp\/v2\/product"}],"about":[{"href":"https:\/\/almisadqia.com\/ar\/wp-json\/wp\/v2\/types\/product"}],"replies":[{"embeddable":true,"href":"https:\/\/almisadqia.com\/ar\/wp-json\/wp\/v2\/comments?post=7994"}],"wp:featuredmedia":[{"embeddable":true,"href":"https:\/\/almisadqia.com\/ar\/wp-json\/wp\/v2\/media\/7993"}],"wp:attachment":[{"href":"https:\/\/almisadqia.com\/ar\/wp-json\/wp\/v2\/media?parent=7994"}],"wp:term":[{"taxonomy":"product_brand","embeddable":true,"href":"https:\/\/almisadqia.com\/ar\/wp-json\/wp\/v2\/product_brand?post=7994"},{"taxonomy":"product_cat","embeddable":true,"href":"https:\/\/almisadqia.com\/ar\/wp-json\/wp\/v2\/product_cat?post=7994"},{"taxonomy":"product_tag","embeddable":true,"href":"https:\/\/almisadqia.com\/ar\/wp-json\/wp\/v2\/product_tag?post=7994"}],"curies":[{"name":"wp","href":"https:\/\/api.w.org\/{rel}","templated":true}]}}